{"id":2,"date":"2025-07-30T08:36:10","date_gmt":"2025-07-30T08:36:10","guid":{"rendered":"https:\/\/desbrocesordorica.rkinformatika.online\/?page_id=2"},"modified":"2026-03-09T10:12:40","modified_gmt":"2026-03-09T10:12:40","slug":"inicio","status":"publish","type":"page","link":"https:\/\/desbrocesordorica.com\/eu\/","title":{"rendered":"Hasiera"},"content":{"rendered":"<div data-elementor-type=\"wp-page\" data-elementor-id=\"2\" class=\"elementor elementor-2\" data-elementor-post-type=\"page\">\n\t\t\t\t<div class=\"elementor-element elementor-element-3be2bdd e-con-full e-flex e-con e-parent\" data-id=\"3be2bdd\" data-element_type=\"container\" data-e-type=\"container\" data-settings=\"{&quot;background_background&quot;:&quot;classic&quot;}\">\n\t\t<div class=\"elementor-element elementor-element-299eb6e e-con-full e-flex e-con e-child\" data-id=\"299eb6e\" data-element_type=\"container\" data-e-type=\"container\">\n\t\t\t\t<div class=\"elementor-element elementor-element-20154ca elementor-invisible elementor-widget elementor-widget-heading\" data-id=\"20154ca\" data-element_type=\"widget\" data-e-type=\"widget\" data-settings=\"{&quot;_animation&quot;:&quot;fadeIn&quot;}\" data-widget_type=\"heading.default\">\n\t\t\t\t\t<h1 class=\"elementor-heading-title elementor-size-default\">Errepideak, berdeguneak eta baso-lanak garbitzea eta mantentzea eremu publikoetan eta landaguneetan<\/h1>\t\t\t\t<\/div>\n\t\t\t\t<div class=\"elementor-element elementor-element-f3728dc elementor-invisible elementor-widget elementor-widget-text-editor\" data-id=\"f3728dc\" data-element_type=\"widget\" data-e-type=\"widget\" data-settings=\"{&quot;_animation&quot;:&quot;fadeIn&quot;}\" data-widget_type=\"text-editor.default\">\n\t\t\t\t\t\t\t\t\t<p>25 urteko esperientzia<\/p>\t\t\t\t\t\t\t\t<\/div>\n\t\t\t\t<\/div>\n\t\t\t\t<\/div>\n\t\t\t\t<section class=\"elementor-section elementor-top-section elementor-element elementor-element-49d1b24 elementor-section-boxed elementor-section-height-default elementor-section-height-default\" data-id=\"49d1b24\" data-element_type=\"section\" data-e-type=\"section\" data-settings=\"{&quot;background_background&quot;:&quot;classic&quot;}\">\n\t\t\t\t\t\t<div class=\"elementor-container elementor-column-gap-no\">\n\t\t\t\t\t<div class=\"elementor-column elementor-col-50 elementor-top-column elementor-element elementor-element-290dfdf\" data-id=\"290dfdf\" data-element_type=\"column\" data-e-type=\"column\">\n\t\t\t<div class=\"elementor-widget-wrap elementor-element-populated\">\n\t\t\t\t\t\t<div class=\"elementor-element elementor-element-5652f26 elementor-invisible elementor-widget elementor-widget-heading\" data-id=\"5652f26\" data-element_type=\"widget\" data-e-type=\"widget\" data-settings=\"{&quot;_animation&quot;:&quot;fadeInLeft&quot;}\" data-widget_type=\"heading.default\">\n\t\t\t\t\t<h2 class=\"elementor-heading-title elementor-size-default\">Sobre nosotros<\/h2>\t\t\t\t<\/div>\n\t\t\t\t<div class=\"elementor-element elementor-element-d600d55 elementor-widget elementor-widget-text-editor\" data-id=\"d600d55\" data-element_type=\"widget\" data-e-type=\"widget\" data-widget_type=\"text-editor.default\">\n\t\t\t\t\t\t\t\t\t<p>DESBROCES ORDORIKA landa eta baso lanetan espezializatutako enpresa da, eta 25 urte baino gehiagoko esperientzia du. Garbiketarako, bide eta mendietako sastrakak kentzeko, baso landaketetarako, finken itxituretarako eta errepideen kontserbaziorako soluzio integralak eskaintzen ditugu. Seriotasunez, segurtasunez eta eraginkortasunez lan egiten dugu gure bezeroen beharrak asetzeko.<\/p><p>2000. urtean jaio ginen, ideia argi batekin: sastrakak kentzeko eta landa- eta baso-ingurunea mantentzeko lanei profesionaltasuna eta fidagarritasuna ematea. Lantalde kualifikatua, makineria propioa eta ibilbide sendoa dugu Bizkaian.<\/p><h5><strong>Gure helburua irtenbide eraginkorrak eskaintzea da, xehetasuna zainduz, epeak betez eta emaitza optimoa bermatuz.<\/strong><\/h5>\t\t\t\t\t\t\t\t<\/div>\n\t\t\t\t\t<\/div>\n\t\t<\/div>\n\t\t\t\t<div class=\"elementor-column elementor-col-50 elementor-top-column elementor-element elementor-element-427d5d8\" data-id=\"427d5d8\" data-element_type=\"column\" data-e-type=\"column\" data-settings=\"{&quot;background_background&quot;:&quot;classic&quot;}\">\n\t\t\t<div class=\"elementor-widget-wrap elementor-element-populated\">\n\t\t\t\t\t\t<div class=\"elementor-element elementor-element-ceb9c8b elementor-widget elementor-widget-image\" data-id=\"ceb9c8b\" data-element_type=\"widget\" data-e-type=\"widget\" data-widget_type=\"image.default\">\n\t\t\t\t\t\t\t\t\t\t\t\t\t\t\t<img fetchpriority=\"high\" decoding=\"async\" width=\"945\" height=\"1225\" src=\"https:\/\/desbrocesordorica.com\/wp-content\/uploads\/2025\/08\/WhatsApp-Image-2025-08-22-at-11.04.56-e1755854358603.jpeg\" class=\"attachment-full size-full wp-image-453\" alt=\"\" srcset=\"https:\/\/desbrocesordorica.com\/wp-content\/uploads\/2025\/08\/WhatsApp-Image-2025-08-22-at-11.04.56-e1755854358603.jpeg 945w, https:\/\/desbrocesordorica.com\/wp-content\/uploads\/2025\/08\/WhatsApp-Image-2025-08-22-at-11.04.56-e1755854358603-231x300.jpeg 231w, https:\/\/desbrocesordorica.com\/wp-content\/uploads\/2025\/08\/WhatsApp-Image-2025-08-22-at-11.04.56-e1755854358603-790x1024.jpeg 790w, https:\/\/desbrocesordorica.com\/wp-content\/uploads\/2025\/08\/WhatsApp-Image-2025-08-22-at-11.04.56-e1755854358603-768x996.jpeg 768w, https:\/\/desbrocesordorica.com\/wp-content\/uploads\/2025\/08\/WhatsApp-Image-2025-08-22-at-11.04.56-e1755854358603-9x12.jpeg 9w\" sizes=\"(max-width: 945px) 100vw, 945px\" \/>\t\t\t\t\t\t\t\t\t\t\t\t\t\t\t<\/div>\n\t\t\t\t\t<\/div>\n\t\t<\/div>\n\t\t\t\t\t<\/div>\n\t\t<\/section>\n\t\t\t\t<section class=\"elementor-section elementor-top-section elementor-element elementor-element-8d1b070 elementor-section-boxed elementor-section-height-default elementor-section-height-default\" data-id=\"8d1b070\" data-element_type=\"section\" data-e-type=\"section\" data-settings=\"{&quot;background_background&quot;:&quot;classic&quot;}\">\n\t\t\t\t\t\t\t<div class=\"elementor-background-overlay\"><\/div>\n\t\t\t\t\t\t\t<div class=\"elementor-container elementor-column-gap-no\">\n\t\t\t\t\t<div class=\"elementor-column elementor-col-100 elementor-top-column elementor-element elementor-element-b11605f\" data-id=\"b11605f\" data-element_type=\"column\" data-e-type=\"column\">\n\t\t\t<div class=\"elementor-widget-wrap elementor-element-populated\">\n\t\t\t\t\t\t<section class=\"elementor-section elementor-inner-section elementor-element elementor-element-fc9d858 elementor-section-full_width elementor-section-height-default elementor-section-height-default\" data-id=\"fc9d858\" data-element_type=\"section\" data-e-type=\"section\">\n\t\t\t\t\t\t<div class=\"elementor-container elementor-column-gap-no\">\n\t\t\t\t\t<div class=\"elementor-column elementor-col-100 elementor-inner-column elementor-element elementor-element-e3cfc95\" data-id=\"e3cfc95\" data-element_type=\"column\" data-e-type=\"column\">\n\t\t\t<div class=\"elementor-widget-wrap elementor-element-populated\">\n\t\t\t\t\t\t<div class=\"elementor-element elementor-element-e6a5dff elementor-widget elementor-widget-heading\" data-id=\"e6a5dff\" data-element_type=\"widget\" data-e-type=\"widget\" data-widget_type=\"heading.default\">\n\t\t\t\t\t<h2 class=\"elementor-heading-title elementor-size-default\">Administrazioentzako, enpresentzako eta partikularrentzako lanak egiten dira.<\/h2>\t\t\t\t<\/div>\n\t\t\t\t<div class=\"elementor-element elementor-element-23c3944 elementor-align-center elementor-widget elementor-widget-button\" data-id=\"23c3944\" data-element_type=\"widget\" data-e-type=\"widget\" data-widget_type=\"button.default\">\n\t\t\t\t\t\t\t\t\t\t<a class=\"elementor-button elementor-button-link elementor-size-sm\" href=\"https:\/\/desbrocesordorica.com\/eu\/servicios\/\">\n\t\t\t\t\t\t<span class=\"elementor-button-content-wrapper\">\n\t\t\t\t\t\t\t\t\t<span class=\"elementor-button-text\">Zerbitzuak<\/span>\n\t\t\t\t\t<\/span>\n\t\t\t\t\t<\/a>\n\t\t\t\t\t\t\t\t<\/div>\n\t\t\t\t\t<\/div>\n\t\t<\/div>\n\t\t\t\t\t<\/div>\n\t\t<\/section>\n\t\t\t\t\t<\/div>\n\t\t<\/div>\n\t\t\t\t\t<\/div>\n\t\t<\/section>\n\t\t\t\t<\/div>","protected":false},"excerpt":{"rendered":"<p>Desbroce y mantenimiento de carreteras, zonas verdes, trabajos forestales en espacios p\u00fablicos y rurales 25 a\u00f1os de Experiencia Sobre nosotros DESBROCES ORDORIKA es una empresa especializada en trabajos rurales y forestales con m\u00e1s de 25 a\u00f1os de experiencia. Ofrecemos soluciones integrales de limpieza, desbroce de caminos y montes, plantaciones forestales, cerramientos de fincas y conservaci\u00f3n [&hellip;]<\/p>\n","protected":false},"author":1,"featured_media":0,"parent":0,"menu_order":0,"comment_status":"closed","ping_status":"closed","template":"elementor_canvas","meta":{"footnotes":""},"class_list":["post-2","page","type-page","status-publish","hentry"],"yoast_head":"<!-- This site is optimized with the Yoast SEO plugin v27.4 - https:\/\/yoast.com\/product\/yoast-seo-wordpress\/ -->\n<title>Inicio - DESBROCES ORDORICA<\/title>\n<meta name=\"robots\" content=\"index, follow, max-snippet:-1, max-image-preview:large, max-video-preview:-1\" \/>\n<link rel=\"canonical\" href=\"https:\/\/desbrocesordorica.com\/eu\/\" \/>\n<meta property=\"og:locale\" content=\"en_US\" \/>\n<meta property=\"og:type\" content=\"article\" \/>\n<meta property=\"og:title\" content=\"Inicio - DESBROCES ORDORICA\" \/>\n<meta property=\"og:description\" content=\"Desbroce y mantenimiento de carreteras, zonas verdes, trabajos forestales en espacios p\u00fablicos y rurales 25 a\u00f1os de Experiencia Sobre nosotros DESBROCES ORDORIKA es una empresa especializada en trabajos rurales y forestales con m\u00e1s de 25 a\u00f1os de experiencia. Ofrecemos soluciones integrales de limpieza, desbroce de caminos y montes, plantaciones forestales, cerramientos de fincas y conservaci\u00f3n [&hellip;]\" \/>\n<meta property=\"og:url\" content=\"https:\/\/desbrocesordorica.com\/eu\/\" \/>\n<meta property=\"og:site_name\" content=\"DESBROCES ORDORICA\" \/>\n<meta property=\"article:modified_time\" content=\"2026-03-09T10:12:40+00:00\" \/>\n<meta property=\"og:image\" content=\"https:\/\/desbrocesordorica.com\/wp-content\/uploads\/2025\/08\/WhatsApp-Image-2025-08-22-at-11.04.56-e1755854358603.jpeg\" \/>\n\t<meta property=\"og:image:width\" content=\"945\" \/>\n\t<meta property=\"og:image:height\" content=\"1225\" \/>\n\t<meta property=\"og:image:type\" content=\"image\/jpeg\" \/>\n<meta name=\"twitter:card\" content=\"summary_large_image\" \/>\n<meta name=\"twitter:label1\" content=\"Est. reading time\" \/>\n\t<meta name=\"twitter:data1\" content=\"1 minutua\" \/>\n<script type=\"application\/ld+json\" class=\"yoast-schema-graph\">{\"@context\":\"https:\\\/\\\/schema.org\",\"@graph\":[{\"@type\":\"WebPage\",\"@id\":\"https:\\\/\\\/desbrocesordorica.com\\\/\",\"url\":\"https:\\\/\\\/desbrocesordorica.com\\\/\",\"name\":\"Inicio - DESBROCES ORDORICA\",\"isPartOf\":{\"@id\":\"https:\\\/\\\/desbrocesordorica.com\\\/#website\"},\"primaryImageOfPage\":{\"@id\":\"https:\\\/\\\/desbrocesordorica.com\\\/#primaryimage\"},\"image\":{\"@id\":\"https:\\\/\\\/desbrocesordorica.com\\\/#primaryimage\"},\"thumbnailUrl\":\"https:\\\/\\\/desbrocesordorica.com\\\/wp-content\\\/uploads\\\/2025\\\/08\\\/WhatsApp-Image-2025-08-22-at-11.04.56-e1755854358603.jpeg\",\"datePublished\":\"2025-07-30T08:36:10+00:00\",\"dateModified\":\"2026-03-09T10:12:40+00:00\",\"breadcrumb\":{\"@id\":\"https:\\\/\\\/desbrocesordorica.com\\\/#breadcrumb\"},\"inLanguage\":\"eu\",\"potentialAction\":[{\"@type\":\"ReadAction\",\"target\":[\"https:\\\/\\\/desbrocesordorica.com\\\/\"]}]},{\"@type\":\"ImageObject\",\"inLanguage\":\"eu\",\"@id\":\"https:\\\/\\\/desbrocesordorica.com\\\/#primaryimage\",\"url\":\"https:\\\/\\\/desbrocesordorica.com\\\/wp-content\\\/uploads\\\/2025\\\/08\\\/WhatsApp-Image-2025-08-22-at-11.04.56-e1755854358603.jpeg\",\"contentUrl\":\"https:\\\/\\\/desbrocesordorica.com\\\/wp-content\\\/uploads\\\/2025\\\/08\\\/WhatsApp-Image-2025-08-22-at-11.04.56-e1755854358603.jpeg\"},{\"@type\":\"BreadcrumbList\",\"@id\":\"https:\\\/\\\/desbrocesordorica.com\\\/#breadcrumb\",\"itemListElement\":[{\"@type\":\"ListItem\",\"position\":1,\"name\":\"Portada\",\"item\":\"https:\\\/\\\/desbrocesordorica.com\\\/\"},{\"@type\":\"ListItem\",\"position\":2,\"name\":\"Inicio\"}]},{\"@type\":\"WebSite\",\"@id\":\"https:\\\/\\\/desbrocesordorica.com\\\/#website\",\"url\":\"https:\\\/\\\/desbrocesordorica.com\\\/\",\"name\":\"DESBROCES ORDORICA\",\"description\":\"Limpieza y desbroce de caminos\",\"publisher\":{\"@id\":\"https:\\\/\\\/desbrocesordorica.com\\\/#organization\"},\"potentialAction\":[{\"@type\":\"SearchAction\",\"target\":{\"@type\":\"EntryPoint\",\"urlTemplate\":\"https:\\\/\\\/desbrocesordorica.com\\\/?s={search_term_string}\"},\"query-input\":{\"@type\":\"PropertyValueSpecification\",\"valueRequired\":true,\"valueName\":\"search_term_string\"}}],\"inLanguage\":\"eu\"},{\"@type\":\"Organization\",\"@id\":\"https:\\\/\\\/desbrocesordorica.com\\\/#organization\",\"name\":\"DESBROCES ORDORICA\",\"url\":\"https:\\\/\\\/desbrocesordorica.com\\\/\",\"logo\":{\"@type\":\"ImageObject\",\"inLanguage\":\"eu\",\"@id\":\"https:\\\/\\\/desbrocesordorica.com\\\/#\\\/schema\\\/logo\\\/image\\\/\",\"url\":\"https:\\\/\\\/desbrocesordorica.com\\\/wp-content\\\/uploads\\\/2025\\\/08\\\/cropped-Diseno-sin-titulo-1.png\",\"contentUrl\":\"https:\\\/\\\/desbrocesordorica.com\\\/wp-content\\\/uploads\\\/2025\\\/08\\\/cropped-Diseno-sin-titulo-1.png\",\"width\":428,\"height\":131,\"caption\":\"DESBROCES ORDORICA\"},\"image\":{\"@id\":\"https:\\\/\\\/desbrocesordorica.com\\\/#\\\/schema\\\/logo\\\/image\\\/\"}}]}<\/script>\n<!-- \/ Yoast SEO plugin. -->","yoast_head_json":{"title":"Inicio - DESBROCES ORDORICA","robots":{"index":"index","follow":"follow","max-snippet":"max-snippet:-1","max-image-preview":"max-image-preview:large","max-video-preview":"max-video-preview:-1"},"canonical":"https:\/\/desbrocesordorica.com\/eu\/","og_locale":"en_US","og_type":"article","og_title":"Inicio - DESBROCES ORDORICA","og_description":"Desbroce y mantenimiento de carreteras, zonas verdes, trabajos forestales en espacios p\u00fablicos y rurales 25 a\u00f1os de Experiencia Sobre nosotros DESBROCES ORDORIKA es una empresa especializada en trabajos rurales y forestales con m\u00e1s de 25 a\u00f1os de experiencia. Ofrecemos soluciones integrales de limpieza, desbroce de caminos y montes, plantaciones forestales, cerramientos de fincas y conservaci\u00f3n [&hellip;]","og_url":"https:\/\/desbrocesordorica.com\/eu\/","og_site_name":"DESBROCES ORDORICA","article_modified_time":"2026-03-09T10:12:40+00:00","og_image":[{"width":945,"height":1225,"url":"https:\/\/desbrocesordorica.com\/wp-content\/uploads\/2025\/08\/WhatsApp-Image-2025-08-22-at-11.04.56-e1755854358603.jpeg","type":"image\/jpeg"}],"twitter_card":"summary_large_image","twitter_misc":{"Est. reading time":"1 minutua"},"schema":{"@context":"https:\/\/schema.org","@graph":[{"@type":"WebPage","@id":"https:\/\/desbrocesordorica.com\/","url":"https:\/\/desbrocesordorica.com\/","name":"Inicio - DESBROCES ORDORICA","isPartOf":{"@id":"https:\/\/desbrocesordorica.com\/#website"},"primaryImageOfPage":{"@id":"https:\/\/desbrocesordorica.com\/#primaryimage"},"image":{"@id":"https:\/\/desbrocesordorica.com\/#primaryimage"},"thumbnailUrl":"https:\/\/desbrocesordorica.com\/wp-content\/uploads\/2025\/08\/WhatsApp-Image-2025-08-22-at-11.04.56-e1755854358603.jpeg","datePublished":"2025-07-30T08:36:10+00:00","dateModified":"2026-03-09T10:12:40+00:00","breadcrumb":{"@id":"https:\/\/desbrocesordorica.com\/#breadcrumb"},"inLanguage":"eu","potentialAction":[{"@type":"ReadAction","target":["https:\/\/desbrocesordorica.com\/"]}]},{"@type":"ImageObject","inLanguage":"eu","@id":"https:\/\/desbrocesordorica.com\/#primaryimage","url":"https:\/\/desbrocesordorica.com\/wp-content\/uploads\/2025\/08\/WhatsApp-Image-2025-08-22-at-11.04.56-e1755854358603.jpeg","contentUrl":"https:\/\/desbrocesordorica.com\/wp-content\/uploads\/2025\/08\/WhatsApp-Image-2025-08-22-at-11.04.56-e1755854358603.jpeg"},{"@type":"BreadcrumbList","@id":"https:\/\/desbrocesordorica.com\/#breadcrumb","itemListElement":[{"@type":"ListItem","position":1,"name":"Portada","item":"https:\/\/desbrocesordorica.com\/"},{"@type":"ListItem","position":2,"name":"Inicio"}]},{"@type":"WebSite","@id":"https:\/\/desbrocesordorica.com\/#website","url":"https:\/\/desbrocesordorica.com\/","name":"DESBROCES ORDORICA","description":"Limpieza y desbroce de caminos","publisher":{"@id":"https:\/\/desbrocesordorica.com\/#organization"},"potentialAction":[{"@type":"SearchAction","target":{"@type":"EntryPoint","urlTemplate":"https:\/\/desbrocesordorica.com\/?s={search_term_string}"},"query-input":{"@type":"PropertyValueSpecification","valueRequired":true,"valueName":"search_term_string"}}],"inLanguage":"eu"},{"@type":"Organization","@id":"https:\/\/desbrocesordorica.com\/#organization","name":"DESBROCES ORDORICA","url":"https:\/\/desbrocesordorica.com\/","logo":{"@type":"ImageObject","inLanguage":"eu","@id":"https:\/\/desbrocesordorica.com\/#\/schema\/logo\/image\/","url":"https:\/\/desbrocesordorica.com\/wp-content\/uploads\/2025\/08\/cropped-Diseno-sin-titulo-1.png","contentUrl":"https:\/\/desbrocesordorica.com\/wp-content\/uploads\/2025\/08\/cropped-Diseno-sin-titulo-1.png","width":428,"height":131,"caption":"DESBROCES ORDORICA"},"image":{"@id":"https:\/\/desbrocesordorica.com\/#\/schema\/logo\/image\/"}}]}},"_links":{"self":[{"href":"https:\/\/desbrocesordorica.com\/eu\/wp-json\/wp\/v2\/pages\/2","targetHints":{"allow":["GET"]}}],"collection":[{"href":"https:\/\/desbrocesordorica.com\/eu\/wp-json\/wp\/v2\/pages"}],"about":[{"href":"https:\/\/desbrocesordorica.com\/eu\/wp-json\/wp\/v2\/types\/page"}],"author":[{"embeddable":true,"href":"https:\/\/desbrocesordorica.com\/eu\/wp-json\/wp\/v2\/users\/1"}],"replies":[{"embeddable":true,"href":"https:\/\/desbrocesordorica.com\/eu\/wp-json\/wp\/v2\/comments?post=2"}],"version-history":[{"count":214,"href":"https:\/\/desbrocesordorica.com\/eu\/wp-json\/wp\/v2\/pages\/2\/revisions"}],"predecessor-version":[{"id":945,"href":"https:\/\/desbrocesordorica.com\/eu\/wp-json\/wp\/v2\/pages\/2\/revisions\/945"}],"wp:attachment":[{"href":"https:\/\/desbrocesordorica.com\/eu\/wp-json\/wp\/v2\/media?parent=2"}],"curies":[{"name":"wp","href":"https:\/\/api.w.org\/{rel}","templated":true}]}}